{"id":596,"date":"2025-07-20T15:33:46","date_gmt":"2025-07-20T13:33:46","guid":{"rendered":"http:\/\/metaltools.pl\/?post_type=product&#038;p=596"},"modified":"2025-07-20T15:42:18","modified_gmt":"2025-07-20T13:42:18","slug":"noz-tokarski-akko-a32s-pclnl-12c","status":"publish","type":"product","link":"https:\/\/metaltools.pl\/index.php\/produkt\/noz-tokarski-akko-a32s-pclnl-12c\/","title":{"rendered":"N\u00f3\u017c tokarski Akko A32S PCLNL 12C"},"content":{"rendered":"<p data-start=\"502\" data-end=\"902\"><strong data-start=\"502\" data-end=\"525\">AKKO A32S-PCLNL 12C<\/strong> to solidna oprawka tokarska przeznaczona do <strong data-start=\"570\" data-end=\"595\">zewn\u0119trznego toczenia<\/strong> przy u\u017cyciu <strong data-start=\"608\" data-end=\"629\">p\u0142ytek CNMG 1204\u2026<\/strong>. Wersja <strong data-start=\"638\" data-end=\"647\">PCLNL<\/strong> oznacza: k\u0105t przystawienia 95\u00b0, mocowanie p\u0142ytki z zaciskiem d\u017awigniowym oraz <strong data-start=\"726\" data-end=\"751\">lewostronne wykonanie<\/strong>. Wysoka jako\u015b\u0107 wykonania oraz powtarzalno\u015b\u0107 pozycjonowania p\u0142ytki sprawiaj\u0105, \u017ce oprawka sprawdza si\u0119 zar\u00f3wno w produkcji jednostkowej, jak i seryjnej.<\/p>\n<p data-start=\"904\" data-end=\"932\"><strong data-start=\"904\" data-end=\"932\">Specyfikacja techniczna:<\/strong><\/p>\n<ul data-start=\"933\" data-end=\"1214\">\n<li data-start=\"933\" data-end=\"962\">\n<p data-start=\"935\" data-end=\"962\"><strong data-start=\"935\" data-end=\"945\">Model:<\/strong> A32S-PCLNL 12C<\/p>\n<\/li>\n<li data-start=\"963\" data-end=\"1011\">\n<p data-start=\"965\" data-end=\"1011\"><strong data-start=\"965\" data-end=\"984\">Rodzaj oprawki:<\/strong> do toczenia zewn\u0119trznego<\/p>\n<\/li>\n<li data-start=\"1012\" data-end=\"1043\">\n<p data-start=\"1014\" data-end=\"1043\"><strong data-start=\"1014\" data-end=\"1035\">\u015arednica trzonka:<\/strong> 32 mm<\/p>\n<\/li>\n<li data-start=\"1044\" data-end=\"1077\">\n<p data-start=\"1046\" data-end=\"1077\"><strong data-start=\"1046\" data-end=\"1068\">D\u0142ugo\u015b\u0107 ca\u0142kowita:<\/strong> 250 mm<\/p>\n<\/li>\n<li data-start=\"1078\" data-end=\"1108\">\n<p data-start=\"1080\" data-end=\"1108\"><strong data-start=\"1080\" data-end=\"1102\">K\u0105t przystawienia:<\/strong> 95\u00b0<\/p>\n<\/li>\n<li data-start=\"1109\" data-end=\"1139\">\n<p data-start=\"1111\" data-end=\"1139\"><strong data-start=\"1111\" data-end=\"1126\">Typ p\u0142ytki:<\/strong> CNMG 1204\u2026<\/p>\n<\/li>\n<li data-start=\"1140\" data-end=\"1181\">\n<p data-start=\"1142\" data-end=\"1181\"><strong data-start=\"1142\" data-end=\"1163\">Mocowanie p\u0142ytki:<\/strong> lewostronne (L)<\/p>\n<\/li>\n<li data-start=\"1182\" data-end=\"1214\">\n<p data-start=\"1184\" data-end=\"1214\"><strong data-start=\"1184\" data-end=\"1198\">Producent:<\/strong> AKKO (Turcja)<\/p>\n<\/li>\n<\/ul>\n<p data-start=\"1216\" data-end=\"1233\"><strong data-start=\"1216\" data-end=\"1233\">Zastosowanie:<\/strong><\/p>\n<ul data-start=\"1234\" data-end=\"1442\">\n<li data-start=\"1234\" data-end=\"1283\">\n<p data-start=\"1236\" data-end=\"1283\">Toczenie zewn\u0119trzne stali, \u017celiwa, nierdzewki<\/p>\n<\/li>\n<li data-start=\"1284\" data-end=\"1334\">\n<p data-start=\"1286\" data-end=\"1334\">Produkcja przemys\u0142owa, maszynowa i narz\u0119dziowa<\/p>\n<\/li>\n<li data-start=\"1335\" data-end=\"1367\">\n<p data-start=\"1337\" data-end=\"1367\">Tokarki CNC i konwencjonalne<\/p>\n<\/li>\n<li data-start=\"1368\" data-end=\"1442\">\n<p data-start=\"1370\" data-end=\"1442\">Praca z p\u0142ytkami CNMG w geometrii do zgrubnej i p\u00f3\u0142wyka\u0144czaj\u0105cej obr\u00f3bki<\/p>\n<\/li>\n<\/ul>\n<p data-start=\"1444\" data-end=\"1649\">Oprawki AKKO s\u0142yn\u0105 z doskona\u0142ej jako\u015bci stali narz\u0119dziowej i niezawodno\u015bci mocowania. Trzonek 32 mm zapewnia wysok\u0105 sztywno\u015b\u0107, co przek\u0142ada si\u0119 na wi\u0119ksz\u0105 trwa\u0142o\u015b\u0107 ostrza oraz stabilno\u015b\u0107 procesu skrawania.<\/p>\n<p data-start=\"1651\" data-end=\"1692\"><strong data-start=\"1651\" data-end=\"1692\">Dlaczego warto wybra\u0107 A32S-PCLNL 12C?<\/strong><\/p>\n<ul data-start=\"1693\" data-end=\"1889\">\n<li data-start=\"1693\" data-end=\"1741\">\n<p data-start=\"1695\" data-end=\"1741\">Kompatybilna z popularnymi p\u0142ytkami CNMG 12\u2026<\/p>\n<\/li>\n<li data-start=\"1742\" data-end=\"1782\">\n<p data-start=\"1744\" data-end=\"1782\">Mocna, stabilna i trwa\u0142a konstrukcja<\/p>\n<\/li>\n<li data-start=\"1783\" data-end=\"1839\">\n<p data-start=\"1785\" data-end=\"1839\">K\u0105t przystawienia 95\u00b0 \u2013 idealny do og\u00f3lnego toczenia<\/p>\n<\/li>\n<li data-start=\"1840\" data-end=\"1889\">\n<p data-start=\"1842\" data-end=\"1889\">AKKO \u2013 renomowany producent narz\u0119dzi tokarskich<\/p>\n<\/li>\n<\/ul>\n","protected":false},"excerpt":{"rendered":"<p>AKKO A32S-PCLNL 12C \u2013 oprawka tokarska lewostronna do p\u0142ytek CNMG 12\u2026 Trzonek 32 mm, d\u0142ugo\u015b\u0107 250 mm, k\u0105t 95\u00b0. Skrawanie24.pl<\/p>\n","protected":false},"featured_media":598,"comment_status":"open","ping_status":"closed","template":"","meta":[],"product_brand":[161],"product_cat":[157,160],"product_tag":[],"class_list":{"0":"post-596","1":"product","2":"type-product","3":"status-publish","4":"has-post-thumbnail","6":"product_brand-akko","7":"product_cat-noze-tokarskie","8":"product_cat-wytaczak-tokarski","10":"first","11":"instock","12":"shipping-taxable","13":"purchasable","14":"product-type-simple"},"featured_image_urls_v2":{"full":["https:\/\/metaltools.pl\/wp-content\/uploads\/2025\/07\/noz_wytaczak_akko_pclnl_a32s_na_plytke_cnmg_1204.png",1920,1634,false],"thumbnail":["https:\/\/metaltools.pl\/wp-content\/uploads\/2025\/07\/noz_wytaczak_akko_pclnl_a32s_na_plytke_cnmg_1204-150x150.png",150,150,true],"medium":["https:\/\/metaltools.pl\/wp-content\/uploads\/2025\/07\/noz_wytaczak_akko_pclnl_a32s_na_plytke_cnmg_1204-300x255.png",300,255,true],"medium_large":["https:\/\/metaltools.pl\/wp-content\/uploads\/2025\/07\/noz_wytaczak_akko_pclnl_a32s_na_plytke_cnmg_1204-768x654.png",768,654,true],"large":["https:\/\/metaltools.pl\/wp-content\/uploads\/2025\/07\/noz_wytaczak_akko_pclnl_a32s_na_plytke_cnmg_1204-1024x871.png",1024,871,true],"1536x1536":["https:\/\/metaltools.pl\/wp-content\/uploads\/2025\/07\/noz_wytaczak_akko_pclnl_a32s_na_plytke_cnmg_1204-1536x1307.png",1536,1307,true],"2048x2048":["https:\/\/metaltools.pl\/wp-content\/uploads\/2025\/07\/noz_wytaczak_akko_pclnl_a32s_na_plytke_cnmg_1204.png",1920,1634,false],"woocommerce_archive_thumbnail":["https:\/\/metaltools.pl\/wp-content\/uploads\/2025\/07\/noz_wytaczak_akko_pclnl_a32s_na_plytke_cnmg_1204-300x255.png",300,255,true],"woocommerce_thumbnail":["https:\/\/metaltools.pl\/wp-content\/uploads\/2025\/07\/noz_wytaczak_akko_pclnl_a32s_na_plytke_cnmg_1204-300x300.png",300,300,true],"woocommerce_single":["https:\/\/metaltools.pl\/wp-content\/uploads\/2025\/07\/noz_wytaczak_akko_pclnl_a32s_na_plytke_cnmg_1204-600x511.png",600,511,true],"woocommerce_gallery_thumbnail":["https:\/\/metaltools.pl\/wp-content\/uploads\/2025\/07\/noz_wytaczak_akko_pclnl_a32s_na_plytke_cnmg_1204-100x100.png",100,100,true]},"post_excerpt_stackable_v2":"<p>AKKO A32S-PCLNL 12C \u2013 oprawka tokarska lewostronna do p\u0142ytek CNMG 12\u2026 Trzonek 32 mm, d\u0142ugo\u015b\u0107 250 mm, k\u0105t 95\u00b0. Skrawanie24.pl<\/p>\n","category_list_v2":"","author_info_v2":{"name":"","url":""},"comments_num_v2":"0 comments","jetpack_sharing_enabled":true,"_links":{"self":[{"href":"https:\/\/metaltools.pl\/index.php\/wp-json\/wp\/v2\/product\/596","targetHints":{"allow":["GET"]}}],"collection":[{"href":"https:\/\/metaltools.pl\/index.php\/wp-json\/wp\/v2\/product"}],"about":[{"href":"https:\/\/metaltools.pl\/index.php\/wp-json\/wp\/v2\/types\/product"}],"replies":[{"embeddable":true,"href":"https:\/\/metaltools.pl\/index.php\/wp-json\/wp\/v2\/comments?post=596"}],"wp:featuredmedia":[{"embeddable":true,"href":"https:\/\/metaltools.pl\/index.php\/wp-json\/wp\/v2\/media\/598"}],"wp:attachment":[{"href":"https:\/\/metaltools.pl\/index.php\/wp-json\/wp\/v2\/media?parent=596"}],"wp:term":[{"taxonomy":"product_brand","embeddable":true,"href":"https:\/\/metaltools.pl\/index.php\/wp-json\/wp\/v2\/product_brand?post=596"},{"taxonomy":"product_cat","embeddable":true,"href":"https:\/\/metaltools.pl\/index.php\/wp-json\/wp\/v2\/product_cat?post=596"},{"taxonomy":"product_tag","embeddable":true,"href":"https:\/\/metaltools.pl\/index.php\/wp-json\/wp\/v2\/product_tag?post=596"}],"curies":[{"name":"wp","href":"https:\/\/api.w.org\/{rel}","templated":true}]}}